{"id":9,"date":"2025-09-30T17:09:30","date_gmt":"2025-09-30T17:09:30","guid":{"rendered":"https:\/\/journeyhomesrealty.com\/home-3\/"},"modified":"2026-04-21T14:09:31","modified_gmt":"2026-04-21T14:09:31","slug":"home-3","status":"publish","type":"page","link":"https:\/\/journeyhomesrealty.com\/es\/","title":{"rendered":"Inicio"},"content":{"rendered":"<div class=\"wp-block-uagb-container uagb-block-259e360b alignfull uagb-is-root-container\"><div class=\"uagb-container-inner-blocks-wrap\">\n<div class=\"wp-block-uagb-info-box uagb-block-1f8d3237 uagb-infobox__content-wrap  uagb-infobox-icon-above-title uagb-infobox-image-valign-top\"><div class=\"uagb-ifb-content\"><div class=\"uagb-ifb-title-wrap\"><span class=\"uagb-ifb-title-prefix\">Encuentra Tu Hogar<\/span><h1 class=\"uagb-ifb-title\">Compra y Vende con Confianza en Florida Central<\/h1><\/div><p class=\"uagb-ifb-desc\">En Journey Homes Realty, ofrecemos orientaci\u00f3n clara y transparente para familias e inversores en la compra, venta y construcci\u00f3n de propiedades en comunidades de nueva construcci\u00f3n.<\/p><div class=\"uagb-ifb-button-wrapper wp-block-button\"><a href=\"about\/\" class=\"uagb-infobox-cta-link wp-block-button__link\" target=\"_self\" rel=\"noopener noreferrer\" onclick=\"return true;\"><span class=\"uagb-inline-editing\">CON\u00d3CENOS<\/span><\/a><\/div><\/div><\/div>\n\n\n\n<div class=\"wp-block-uagb-image alignleft uagb-block-440ed655 wp-block-uagb-image--layout-default wp-block-uagb-image--effect-static wp-block-uagb-image--align-left\"><figure class=\"wp-block-uagb-image__figure\"><img decoding=\"async\" srcset=\"https:\/\/journeyhomesrealty.com\/wp-content\/uploads\/2026\/03\/New.jpg ,https:\/\/journeyhomesrealty.com\/wp-content\/uploads\/2026\/03\/New.jpg 780w, https:\/\/journeyhomesrealty.com\/wp-content\/uploads\/2026\/03\/New.jpg 360w\" sizes=\"auto, (max-width: 480px) 150px\" src=\"https:\/\/journeyhomesrealty.com\/wp-content\/uploads\/2026\/03\/New.jpg\" alt=\"new\" class=\"uag-image-1430\" width=\"1200\" height=\"550\" title=\"new\" loading=\"lazy\" role=\"img\"\/><\/figure><\/div>\n<\/div><\/div>\n\n\n\n<div class=\"wp-block-uagb-container uagb-block-8eea1311 alignfull uagb-is-root-container\"><div class=\"uagb-container-inner-blocks-wrap\">\n<div class=\"wp-block-uagb-info-box uagb-block-cb120112 uagb-infobox__content-wrap  uagb-infobox-icon-above-title uagb-infobox-image-valign-top\"><div class=\"uagb-ifb-content\"><div class=\"uagb-ifb-title-wrap\"><span class=\"uagb-ifb-title-prefix\">Sobre Nosotros<\/span><h2 class=\"uagb-ifb-title\">Descubre C\u00f3mo Journey Homes Realty Transforma la Experiencia Inmobiliaria en Florida Central<\/h2><\/div><\/div><\/div>\n\n\n\n<div class=\"wp-block-uagb-info-box uagb-block-ec13a335 uagb-infobox__content-wrap  uagb-infobox-icon-above-title uagb-infobox-image-valign-top\"><div class=\"uagb-ifb-content\"><div class=\"uagb-ifb-title-wrap\"><p class=\"uagb-ifb-title-prefix\">Journey Homes Realty se especializa en ayudar a familias e inversores a comprar, vender y construir propiedades en Florida Central, con un enfoque claro y basado en n\u00fameros desde el inicio hasta el cierre.<\/p><p class=\"uagb-ifb-title\">Ofrecemos servicio biling\u00fce y gesti\u00f3n meticulosa de proyectos, asegurando que cada transacci\u00f3n sea manejada con el m\u00e1s alto nivel de cuidado y profesionalismo.<\/p><\/div><p class=\"uagb-ifb-desc\">Nuestra misi\u00f3n es brindar un servicio excepcional, transparente y orientado a resultados a cada cliente.<\/p><div class=\"uagb-ifb-button-wrapper wp-block-button\"><a href=\"about\/\" class=\"uagb-infobox-cta-link wp-block-button__link\" target=\"_self\" rel=\"noopener noreferrer\" onclick=\"return true;\"><span class=\"uagb-inline-editing\">Saber M\u00e1s<\/span><\/a><\/div><\/div><\/div>\n\n\n\n<div class=\"wp-block-uagb-image uagb-block-78de1f12 wp-block-uagb-image--layout-default wp-block-uagb-image--effect-static wp-block-uagb-image--align-none\"><figure class=\"wp-block-uagb-image__figure\"><\/figure><\/div>\n<\/div><\/div>\n\n\n\n<div class=\"wp-block-uagb-container uagb-block-698e6de9 alignfull uagb-is-root-container\"><div class=\"uagb-container-inner-blocks-wrap\">\n<div class=\"wp-block-uagb-container uagb-block-b1e1c634\">\n<div class=\"wp-block-uagb-counter uagb-block-c0e27f1c wp-block-uagb-counter--number\"><div class=\"wp-block-uagb-counter__number\"><span class=\"uagb-counter-block-number\" data-duration=\"1.5\" data-to-value=\"120\" data-from-value=\"0\" data-delimiter=\",\"><\/span><span class=\"uagb-counter-block-suffix\">+<\/span><\/div><div class=\"wp-block-uagb-counter__title\">PROYECTOS COMPLETADOS<\/div><\/div>\n<\/div>\n\n\n\n<div class=\"wp-block-uagb-container uagb-block-cf6bab75\">\n<div class=\"wp-block-uagb-counter uagb-block-0c1d576f wp-block-uagb-counter--number\"><div class=\"wp-block-uagb-counter__number\"><span class=\"uagb-counter-block-number\" data-duration=\"1.5\" data-to-value=\"92\" data-from-value=\"0\" data-delimiter=\",\"><\/span><span class=\"uagb-counter-block-suffix\">%<\/span><\/div><div class=\"wp-block-uagb-counter__title\">CLIENTES SATISFECHOS<\/div><\/div>\n<\/div>\n\n\n\n<div class=\"wp-block-uagb-container uagb-block-8858452e\">\n<div class=\"wp-block-uagb-counter uagb-block-325e445f wp-block-uagb-counter--number\"><div class=\"wp-block-uagb-counter__number\"><span class=\"uagb-counter-block-number\" data-duration=\"1.5\" data-to-value=\"87\" data-from-value=\"0\" data-delimiter=\",\"><\/span><span class=\"uagb-counter-block-suffix\">%<\/span><\/div><div class=\"wp-block-uagb-counter__title\">METAS ALCANZADAS<\/div><\/div>\n<\/div>\n\n\n\n<div class=\"wp-block-uagb-container uagb-block-f828b7fb\">\n<div class=\"wp-block-uagb-counter uagb-block-ee5c0129 wp-block-uagb-counter--number\"><div class=\"wp-block-uagb-counter__number\"><span class=\"uagb-counter-block-number\" data-duration=\"1.5\" data-to-value=\"20\" data-from-value=\"0\" data-delimiter=\",\"><\/span><span class=\"uagb-counter-block-suffix\">+<\/span><\/div><div class=\"wp-block-uagb-counter__title\">EQUIPO DE TRABAJO<\/div><\/div>\n<\/div>\n<\/div><\/div>\n\n\n\n<div class=\"wp-block-uagb-container uagb-block-fb6e1e02 alignfull uagb-is-root-container\"><div class=\"uagb-container-inner-blocks-wrap\"><\/div><\/div>\n\n\n\n<div class=\"wp-block-uagb-container uagb-block-88915b9b alignfull uagb-is-root-container\"><div class=\"uagb-container-inner-blocks-wrap\">\n<div class=\"wp-block-uagb-info-box uagb-block-8abb1f8c uagb-infobox__content-wrap  uagb-infobox-icon-above-title uagb-infobox-image-valign-top\"><div class=\"uagb-ifb-content\"><div class=\"uagb-ifb-separator\"><\/div><div class=\"uagb-ifb-title-wrap\"><h2 class=\"uagb-ifb-title\">Nuestros Servicios Inmobiliarios Destacados<\/h2><\/div><\/div><\/div>\n\n\n\n<div class=\"wp-block-uagb-container uagb-block-47447fd8\">\n<div class=\"wp-block-uagb-container uagb-block-478ecf10\">\n<div class=\"wp-block-uagb-container uagb-block-0aa7ae77\">\n<div class=\"wp-block-uagb-info-box uagb-block-f633e1fa uagb-infobox__content-wrap  uagb-infobox-icon-above-title uagb-infobox-image-valign-top\"><div class=\"uagb-ifb-content\"><div class=\"uagb-ifb-title-wrap\"><h3 class=\"uagb-ifb-title\">Compra de Viviendas<\/h3><\/div><p class=\"uagb-ifb-desc\">Asesoramos en la compra de viviendas, guiando a familias e inversores hacia sus sue\u00f1os en Florida Central.<\/p><div class=\"uagb-ifb-button-wrapper wp-block-button\"><a href=\"\/services\/\" class=\"uagb-infobox-cta-link wp-block-button__link\" target=\"_self\" rel=\"noopener noreferrer\" onclick=\"return true;\"><span class=\"uagb-inline-editing\">LEER M\u00c1S<\/span><\/a><\/div><\/div><\/div>\n<\/div>\n\n\n\n<div class=\"wp-block-uagb-container uagb-block-8e9d7ec1\">\n<div class=\"wp-block-uagb-image alignleft uagb-block-0f214b43 wp-block-uagb-image--layout-default wp-block-uagb-image--effect-static wp-block-uagb-image--align-left\"><figure class=\"wp-block-uagb-image__figure\"><img decoding=\"async\" srcset=\"https:\/\/journeyhomesrealty.com\/wp-content\/uploads\/2025\/09\/pexels-photo-7599735.jpeg ,https:\/\/journeyhomesrealty.com\/wp-content\/uploads\/2025\/09\/pexels-photo-7599735.jpeg 780w, https:\/\/journeyhomesrealty.com\/wp-content\/uploads\/2025\/09\/pexels-photo-7599735.jpeg 360w\" sizes=\"auto, (max-width: 480px) 150px\" src=\"https:\/\/journeyhomesrealty.com\/wp-content\/uploads\/2025\/09\/pexels-photo-7599735.jpeg\" alt=\"Close-up of a hand holding keys with a miniature wooden house in the background, symbolizing real estate investment.\" class=\"uag-image-494\" width=\"384\" height=\"250\" title=\"Inicio\" loading=\"lazy\" role=\"img\"><\/figure><\/div>\n<\/div>\n<\/div>\n\n\n\n<div class=\"wp-block-uagb-container uagb-block-43413333\">\n<div class=\"wp-block-uagb-container uagb-block-87ab48e1\">\n<div class=\"wp-block-uagb-info-box uagb-block-92d79187 uagb-infobox__content-wrap  uagb-infobox-icon-above-title uagb-infobox-image-valign-top\"><div class=\"uagb-ifb-content\"><div class=\"uagb-ifb-title-wrap\"><h3 class=\"uagb-ifb-title\">Venta de Propiedades<\/h3><\/div><p class=\"uagb-ifb-desc\">Maximizamos el valor de tu propiedad, gestionando el proceso de venta con atenci\u00f3n meticulosa y marketing efectivo.<\/p><div class=\"uagb-ifb-button-wrapper wp-block-button\"><a href=\"\/services\/\" class=\"uagb-infobox-cta-link wp-block-button__link\" target=\"_self\" rel=\"noopener noreferrer\" onclick=\"return true;\"><span class=\"uagb-inline-editing\">LEER M\u00c1S<\/span><\/a><\/div><\/div><\/div>\n<\/div>\n\n\n\n<div class=\"wp-block-uagb-container uagb-block-4b36fee6\">\n<div class=\"wp-block-uagb-image alignleft uagb-block-9e5313f1 wp-block-uagb-image--layout-default wp-block-uagb-image--effect-static wp-block-uagb-image--align-left\"><figure class=\"wp-block-uagb-image__figure\"><img decoding=\"async\" srcset=\"https:\/\/journeyhomesrealty.com\/wp-content\/uploads\/2025\/09\/pexels-photo-4506270.jpeg ,https:\/\/journeyhomesrealty.com\/wp-content\/uploads\/2025\/09\/pexels-photo-4506270.jpeg 780w, https:\/\/journeyhomesrealty.com\/wp-content\/uploads\/2025\/09\/pexels-photo-4506270.jpeg 360w\" sizes=\"auto, (max-width: 480px) 150px\" src=\"https:\/\/journeyhomesrealty.com\/wp-content\/uploads\/2025\/09\/pexels-photo-4506270.jpeg\" alt=\"Unrecognizable couple wearing jeans standing carrying stacked carton boxes out of apartment during renovation on daytime\" class=\"uag-image-495\" width=\"384\" height=\"250\" title=\"Inicio\" loading=\"lazy\" role=\"img\"><\/figure><\/div>\n<\/div>\n<\/div>\n\n\n\n<div class=\"wp-block-uagb-container uagb-block-a00fcbb5\">\n<div class=\"wp-block-uagb-container uagb-block-dd67e6dc\">\n<div class=\"wp-block-uagb-info-box uagb-block-2976c6a0 uagb-infobox__content-wrap  uagb-infobox-icon-above-title uagb-infobox-image-valign-top\"><div class=\"uagb-ifb-content\"><div class=\"uagb-ifb-title-wrap\"><h3 class=\"uagb-ifb-title\">Construcci\u00f3n Nueva<\/h3><\/div><p class=\"uagb-ifb-desc\">Facilitamos la construcci\u00f3n de casas nuevas en comunidades emergentes cerca de Disney.<\/p><div class=\"uagb-ifb-button-wrapper wp-block-button\"><a href=\"\/services\/\" class=\"uagb-infobox-cta-link wp-block-button__link\" target=\"_self\" rel=\"noopener noreferrer\" onclick=\"return true;\"><span class=\"uagb-inline-editing\">LEER M\u00c1S<\/span><\/a><\/div><\/div><\/div>\n<\/div>\n\n\n\n<div class=\"wp-block-uagb-container uagb-block-33a681a9\">\n<figure class=\"wp-block-image size-full alignleft\"><img loading=\"lazy\" decoding=\"async\" width=\"2560\" height=\"1706\" src=\"https:\/\/journeyhomesrealty.com\/wp-content\/uploads\/2026\/03\/New-cosntruction-scaled.jpeg\" alt=\"rich neighborhood with expensive residential homes in southwest florida. wealthy suburban area\" class=\"wp-image-1425\" title=\"Inicio\" srcset=\"https:\/\/journeyhomesrealty.com\/wp-content\/uploads\/2026\/03\/New-cosntruction-scaled.jpeg 2560w, https:\/\/journeyhomesrealty.com\/wp-content\/uploads\/2026\/03\/New-cosntruction-300x200.jpeg 300w, https:\/\/journeyhomesrealty.com\/wp-content\/uploads\/2026\/03\/New-cosntruction-1024x683.jpeg 1024w, https:\/\/journeyhomesrealty.com\/wp-content\/uploads\/2026\/03\/New-cosntruction-768x512.jpeg 768w, https:\/\/journeyhomesrealty.com\/wp-content\/uploads\/2026\/03\/New-cosntruction-1536x1024.jpeg 1536w, https:\/\/journeyhomesrealty.com\/wp-content\/uploads\/2026\/03\/New-cosntruction-2048x1365.jpeg 2048w\" sizes=\"auto, (max-width: 2560px) 100vw, 2560px\" \/><\/figure>\n<\/div>\n<\/div>\n<\/div>\n<\/div><\/div>\n\n\n\n<div class=\"wp-block-uagb-container uagb-block-1d8e81e9 alignfull uagb-is-root-container\"><div class=\"uagb-container-inner-blocks-wrap\">\n<div class=\"wp-block-uagb-info-box uagb-block-57077011 uagb-infobox__content-wrap  uagb-infobox-icon-above-title uagb-infobox-image-valign-top\"><div class=\"uagb-ifb-content\"><div class=\"uagb-ifb-separator\"><\/div><div class=\"uagb-ifb-title-wrap\"><h2 class=\"uagb-ifb-title\">\u00bfQu\u00e9 Nos Hace \u00danicos?<\/h2><\/div><\/div><\/div>\n\n\n\n<div class=\"wp-block-uagb-container uagb-block-370e976d\">\n<div class=\"wp-block-uagb-container uagb-block-f20436d4\">\n<div class=\"wp-block-uagb-info-box uagb-block-9717d7ee uagb-infobox__content-wrap  uagb-infobox-icon-above-title uagb-infobox-image-valign-top\"><div class=\"uagb-ifb-content\"><div class=\"uagb-ifb-title-wrap\"><h3 class=\"uagb-ifb-title\">Asesor\u00eda Transparente<\/h3><\/div><p class=\"uagb-ifb-desc\">Enfoque en n\u00fameros y datos claros.<\/p><div class=\"uagb-ifb-button-wrapper wp-block-button\"><a href=\"\/contact\/\" class=\"uagb-infobox-cta-link wp-block-button__link\" target=\"_self\" rel=\"noopener noreferrer\" onclick=\"return true;\"><span class=\"uagb-inline-editing\">Saber M\u00e1s<\/span><\/a><\/div><\/div><\/div>\n<\/div>\n\n\n\n<div class=\"wp-block-uagb-container uagb-block-29778f95\">\n<div class=\"wp-block-uagb-info-box uagb-block-38e15f1e uagb-infobox__content-wrap  uagb-infobox-icon-above-title uagb-infobox-image-valign-top\"><div class=\"uagb-ifb-content\"><div class=\"uagb-ifb-title-wrap\"><h3 class=\"uagb-ifb-title\">Gesti\u00f3n Biling\u00fce<\/h3><\/div><p class=\"uagb-ifb-desc\">Servicio en ingl\u00e9s y espa\u00f1ol para todos.<\/p><div class=\"uagb-ifb-button-wrapper wp-block-button\"><a href=\"\/contact\/\" class=\"uagb-infobox-cta-link wp-block-button__link\" target=\"_self\" rel=\"noopener noreferrer\" onclick=\"return true;\"><span class=\"uagb-inline-editing\">Saber M\u00e1s<\/span><\/a><\/div><\/div><\/div>\n<\/div>\n\n\n\n<div class=\"wp-block-uagb-container uagb-block-700f776b\">\n<div class=\"wp-block-uagb-info-box uagb-block-04fedf3d uagb-infobox__content-wrap  uagb-infobox-icon-above-title uagb-infobox-image-valign-top\"><div class=\"uagb-ifb-content\"><div class=\"uagb-ifb-title-wrap\"><h3 class=\"uagb-ifb-title\">Experiencia en Construcci\u00f3n<\/h3><\/div><p class=\"uagb-ifb-desc\">Tenemos conocimiento profundo de las comunidades de nueva construcci\u00f3n.<\/p><div class=\"uagb-ifb-button-wrapper wp-block-button\"><a href=\"\/contact\/\" class=\"uagb-infobox-cta-link wp-block-button__link\" target=\"_self\" rel=\"noopener noreferrer\" onclick=\"return true;\"><span class=\"uagb-inline-editing\">Saber M\u00e1s<\/span><\/a><\/div><\/div><\/div>\n<\/div>\n<\/div>\n<\/div><\/div>\n\n\n\n<div class=\"wp-block-uagb-container uagb-block-b5113caa alignfull uagb-is-root-container\"><div class=\"uagb-container-inner-blocks-wrap\">\n<div class=\"wp-block-uagb-info-box uagb-block-98d13d1e uagb-infobox__content-wrap  uagb-infobox-icon-above-title uagb-infobox-image-valign-top\"><div class=\"uagb-ifb-content\"><div class=\"uagb-ifb-separator\"><\/div><div class=\"uagb-ifb-title-wrap\"><h3 class=\"uagb-ifb-title\">Lo Que Dicen Nuestros Clientes<\/h3><\/div><\/div><\/div>\n\n\n\n<div class=\"wp-block-uagb-container uagb-block-9425b7f5\">\n<div class=\"wp-block-uagb-container uagb-block-2a527e11\">\n<div class=\"wp-block-uagb-container uagb-block-aef5d999\">\n<div class=\"wp-block-uagb-image alignleft uagb-block-551fa87a wp-block-uagb-image--layout-default wp-block-uagb-image--effect-static wp-block-uagb-image--align-left\"><figure class=\"wp-block-uagb-image__figure\"><img decoding=\"async\" srcset=\"https:\/\/journeyhomesrealty.com\/wp-content\/uploads\/2024\/02\/skip-testimonial-01.jpg ,https:\/\/journeyhomesrealty.com\/wp-content\/uploads\/2024\/02\/skip-testimonial-01.jpg 780w, https:\/\/journeyhomesrealty.com\/wp-content\/uploads\/2024\/02\/skip-testimonial-01.jpg 360w\" sizes=\"auto, (max-width: 480px) 150px\" src=\"https:\/\/journeyhomesrealty.com\/wp-content\/uploads\/2024\/02\/skip-testimonial-01.jpg\" alt=\"Skip Testimonial 01\" class=\"uag-image-63\" width=\"100\" height=\"100\" title=\"Inicio\" loading=\"lazy\" role=\"img\"><\/figure><\/div>\n<\/div>\n\n\n\n<div class=\"wp-block-uagb-container uagb-block-099ecd49\">\n<div class=\"wp-block-uagb-star-rating uagb-block-75eeb14b\"><div class=\"uag-star-rating\" title=\"5\/5\"><span class=\"uag-star\">\u2605<\/span><span class=\"uag-star\">\u2605<\/span><span class=\"uag-star\">\u2605<\/span><span class=\"uag-star\">\u2605<\/span><span class=\"uag-star\">\u2605<\/span><\/div><\/div>\n\n\n\n<div class=\"wp-block-uagb-testimonial uagb-slick-carousel uagb-tm__arrow-outside uagb-block-ef8172dd uagb-post__carousel_notset uagb-post__carousel_notset-tablet uagb-post__carousel_notset-mobile\"><div class=\"is-carousel uagb-tm__columns-1 uagb-tm__items\"><div class=\"uagb-testimonial__wrap  uagb-tm__imgicon-style-circle uagb-tm__image-position-bottom uagb-tm__bg-type-none\"><div class=\"uagb-tm__content\"><div class=\"uagb-tm__overlay\"><\/div><div class=\"uagb-tm__text-wrap\"><div class=\"uagb-tm__desc\">Journey Homes Realty hizo que comprar nuestra casa fuera f\u00e1cil y sin complicaciones. Nos guiaron en cada paso del proceso, quedando muy satisfechos.<\/div><div class=\"uagb-tm__meta-inner\"><div class=\"uagb-testimonial-details\"><span class=\"uagb-tm__author-name\">Laura Mart\u00ednez<\/span><span class=\"uagb-tm__company\">Compradora de Vivienda en Florida Central<\/span><\/div><\/div><\/div><\/div><\/div><\/div><\/div>\n<\/div>\n<\/div>\n\n\n\n<div class=\"wp-block-uagb-container uagb-block-6659ae03\">\n<div class=\"wp-block-uagb-container uagb-block-b3cf72a0\">\n<div class=\"wp-block-uagb-image alignleft uagb-block-694a936a wp-block-uagb-image--layout-default wp-block-uagb-image--effect-static wp-block-uagb-image--align-left\"><figure class=\"wp-block-uagb-image__figure\"><img decoding=\"async\" srcset=\"https:\/\/journeyhomesrealty.com\/wp-content\/uploads\/2024\/02\/skip-testimonial-02.jpg ,https:\/\/journeyhomesrealty.com\/wp-content\/uploads\/2024\/02\/skip-testimonial-02.jpg 780w, https:\/\/journeyhomesrealty.com\/wp-content\/uploads\/2024\/02\/skip-testimonial-02.jpg 360w\" sizes=\"auto, (max-width: 480px) 150px\" src=\"https:\/\/journeyhomesrealty.com\/wp-content\/uploads\/2024\/02\/skip-testimonial-02.jpg\" alt=\"Skip Testimonial 02\" class=\"uag-image-64\" width=\"100\" height=\"100\" title=\"Inicio\" loading=\"lazy\" role=\"img\"><\/figure><\/div>\n<\/div>\n\n\n\n<div class=\"wp-block-uagb-container uagb-block-d9e41e5c\">\n<div class=\"wp-block-uagb-star-rating uagb-block-b862cfc6\"><div class=\"uag-star-rating\" title=\"5\/5\"><span class=\"uag-star\">\u2605<\/span><span class=\"uag-star\">\u2605<\/span><span class=\"uag-star\">\u2605<\/span><span class=\"uag-star\">\u2605<\/span><span class=\"uag-star\">\u2605<\/span><\/div><\/div>\n\n\n\n<div class=\"wp-block-uagb-testimonial uagb-slick-carousel uagb-tm__arrow-outside uagb-block-d2e8b660 uagb-post__carousel_notset uagb-post__carousel_notset-tablet uagb-post__carousel_notset-mobile\"><div class=\"is-carousel uagb-tm__columns-1 uagb-tm__items\"><div class=\"uagb-testimonial__wrap  uagb-tm__imgicon-style-circle uagb-tm__image-position-bottom uagb-tm__bg-type-none\"><div class=\"uagb-tm__content\"><div class=\"uagb-tm__overlay\"><\/div><div class=\"uagb-tm__text-wrap\"><div class=\"uagb-tm__desc\">El servicio fue excepcional. Agradezco la atenci\u00f3n al detalle y el apoyo en cada etapa de nuestra compra. Definitivamente los recomendar\u00eda a amigos y familiares.<\/div><div class=\"uagb-tm__meta-inner\"><div class=\"uagb-testimonial-details\"><span class=\"uagb-tm__author-name\">Hector Garc\u00eda<\/span><span class=\"uagb-tm__company\">Inversor Inmobiliario<\/span><\/div><\/div><\/div><\/div><\/div><\/div><\/div>\n<\/div>\n<\/div>\n<\/div>\n<\/div><\/div>\n\n\n\n<p><\/p>","protected":false},"excerpt":{"rendered":"","protected":false},"author":1,"featured_media":0,"parent":0,"menu_order":0,"comment_status":"closed","ping_status":"closed","template":"","meta":{"_coblocks_attr":"","_coblocks_dimensions":"","_coblocks_responsive_height":"","_coblocks_accordion_ie_support":"","_surecart_dashboard_logo_width":"180px","_surecart_dashboard_show_logo":true,"_surecart_dashboard_navigation_orders":true,"_surecart_dashboard_navigation_invoices":true,"_surecart_dashboard_navigation_subscriptions":true,"_surecart_dashboard_navigation_downloads":true,"_surecart_dashboard_navigation_billing":true,"_surecart_dashboard_navigation_account":true,"_uag_custom_page_level_css":"","site-sidebar-layout":"default","site-content-layout":"","ast-site-content-layout":"normal-width-container","site-content-style":"default","site-sidebar-style":"default","ast-global-header-display":"","ast-banner-title-visibility":"","ast-main-header-display":"","ast-hfb-above-header-display":"","ast-hfb-below-header-display":"","ast-hfb-mobile-header-display":"","site-post-title":"disabled","ast-breadcrumbs-content":"","ast-featured-img":"","footer-sml-layout":"","ast-disable-related-posts":"","theme-transparent-header-meta":"default","adv-header-id-meta":"","stick-header-meta":"","header-above-stick-meta":"","header-main-stick-meta":"","header-below-stick-meta":"","astra-migrate-meta-layouts":"default","ast-page-background-enabled":"default","ast-page-background-meta":{"desktop":{"background-color":"var(--ast-global-color-4)","background-image":"","background-repeat":"repeat","background-position":"center center","background-size":"auto","background-attachment":"scroll","background-type":"","background-media":"","overlay-type":"","overlay-color":"","overlay-opacity":"","overlay-gradient":""},"tablet":{"background-color":"","background-image":"","background-repeat":"repeat","background-position":"center center","background-size":"auto","background-attachment":"scroll","background-type":"","background-media":"","overlay-type":"","overlay-color":"","overlay-opacity":"","overlay-gradient":""},"mobile":{"background-color":"","background-image":"","background-repeat":"repeat","background-position":"center center","background-size":"auto","background-attachment":"scroll","background-type":"","background-media":"","overlay-type":"","overlay-color":"","overlay-opacity":"","overlay-gradient":""}},"ast-content-background-meta":{"desktop":{"background-color":"var(--ast-global-color-5)","background-image":"","background-repeat":"repeat","background-position":"center center","background-size":"auto","background-attachment":"scroll","background-type":"","background-media":"","overlay-type":"","overlay-color":"","overlay-opacity":"","overlay-gradient":""},"tablet":{"background-color":"var(--ast-global-color-5)","background-image":"","background-repeat":"repeat","background-position":"center center","background-size":"auto","background-attachment":"scroll","background-type":"","background-media":"","overlay-type":"","overlay-color":"","overlay-opacity":"","overlay-gradient":""},"mobile":{"background-color":"var(--ast-global-color-5)","background-image":"","background-repeat":"repeat","background-position":"center center","background-size":"auto","background-attachment":"scroll","background-type":"","background-media":"","overlay-type":"","overlay-color":"","overlay-opacity":"","overlay-gradient":""}},"_themeisle_gutenberg_block_has_review":false,"footnotes":""},"class_list":["post-9","page","type-page","status-publish","hentry"],"uagb_featured_image_src":{"full":false,"thumbnail":false,"medium":false,"medium_large":false,"large":false,"1536x1536":false,"2048x2048":false,"trp-custom-language-flag":false},"uagb_author_info":{"display_name":"journeyhomesrealty","author_link":"https:\/\/journeyhomesrealty.com\/es\/author\/journeyhomesrealty\/"},"uagb_comment_info":0,"uagb_excerpt":null,"_links":{"self":[{"href":"https:\/\/journeyhomesrealty.com\/es\/wp-json\/wp\/v2\/pages\/9","targetHints":{"allow":["GET"]}}],"collection":[{"href":"https:\/\/journeyhomesrealty.com\/es\/wp-json\/wp\/v2\/pages"}],"about":[{"href":"https:\/\/journeyhomesrealty.com\/es\/wp-json\/wp\/v2\/types\/page"}],"author":[{"embeddable":true,"href":"https:\/\/journeyhomesrealty.com\/es\/wp-json\/wp\/v2\/users\/1"}],"replies":[{"embeddable":true,"href":"https:\/\/journeyhomesrealty.com\/es\/wp-json\/wp\/v2\/comments?post=9"}],"version-history":[{"count":13,"href":"https:\/\/journeyhomesrealty.com\/es\/wp-json\/wp\/v2\/pages\/9\/revisions"}],"predecessor-version":[{"id":1490,"href":"https:\/\/journeyhomesrealty.com\/es\/wp-json\/wp\/v2\/pages\/9\/revisions\/1490"}],"wp:attachment":[{"href":"https:\/\/journeyhomesrealty.com\/es\/wp-json\/wp\/v2\/media?parent=9"}],"curies":[{"name":"wp","href":"https:\/\/api.w.org\/{rel}","templated":true}]}}