{"id":14,"date":"2025-09-30T17:09:31","date_gmt":"2025-09-30T17:09:31","guid":{"rendered":"https:\/\/journeyhomesrealty.com\/services\/"},"modified":"2026-04-21T23:14:51","modified_gmt":"2026-04-21T23:14:51","slug":"services","status":"publish","type":"page","link":"https:\/\/journeyhomesrealty.com\/es\/services\/","title":{"rendered":"Servicios"},"content":{"rendered":"<div class=\"wp-block-uagb-container uagb-block-259e360b alignfull uagb-is-root-container\"><div class=\"uagb-container-inner-blocks-wrap\">\n<div class=\"wp-block-uagb-info-box uagb-block-1f8d3237 uagb-infobox__content-wrap  uagb-infobox-icon-above-title uagb-infobox-image-valign-top\"><div class=\"uagb-ifb-content\"><div class=\"uagb-ifb-title-wrap\"><span class=\"uagb-ifb-title-prefix\">Nuestros Servicios<\/span><h1 class=\"uagb-ifb-title\">Soluciones Inmobiliarias Integrales<\/h1><\/div><\/div><\/div>\n\n\n\n<div class=\"wp-block-uagb-image alignleft uagb-block-440ed655 wp-block-uagb-image--layout-default wp-block-uagb-image--effect-static wp-block-uagb-image--align-left\"><figure class=\"wp-block-uagb-image__figure\"><img decoding=\"async\" srcset=\"https:\/\/journeyhomesrealty.com\/wp-content\/uploads\/2025\/09\/pexels-photo-101808.jpeg ,https:\/\/journeyhomesrealty.com\/wp-content\/uploads\/2025\/09\/pexels-photo-101808.jpeg 780w, https:\/\/journeyhomesrealty.com\/wp-content\/uploads\/2025\/09\/pexels-photo-101808.jpeg 360w\" sizes=\"auto, (max-width: 480px) 150px\" src=\"https:\/\/journeyhomesrealty.com\/wp-content\/uploads\/2025\/09\/pexels-photo-101808.jpeg\" alt=\"Key inserted in door lock against a blurred green background, symbolizing security and real estate.\" class=\"uag-image-491\" width=\"1200\" height=\"550\" title=\"Servicios\" loading=\"lazy\" role=\"img\"><\/figure><\/div>\n<\/div><\/div>\n\n\n\n<div class=\"wp-block-uagb-container uagb-block-88915b9b alignfull uagb-is-root-container\"><div class=\"uagb-container-inner-blocks-wrap\">\n<div class=\"wp-block-uagb-info-box uagb-block-8abb1f8c uagb-infobox__content-wrap  uagb-infobox-icon-above-title uagb-infobox-image-valign-top\"><div class=\"uagb-ifb-content\"><div class=\"uagb-ifb-separator\"><\/div><div class=\"uagb-ifb-title-wrap\"><h2 class=\"uagb-ifb-title\">Nuestros Servicios Inmobiliarios Destacados<\/h2><\/div><\/div><\/div>\n\n\n\n<div class=\"wp-block-uagb-container uagb-block-73eb7b15\">\n<div class=\"wp-block-uagb-container uagb-block-52df7f6d\">\n<div class=\"wp-block-uagb-container uagb-block-81e1d008\">\n<div class=\"wp-block-uagb-info-box uagb-block-a9cd3cc3 uagb-infobox__content-wrap  uagb-infobox-icon-above-title uagb-infobox-image-valign-top\"><div class=\"uagb-ifb-content\"><div class=\"uagb-ifb-title-wrap\"><h3 class=\"uagb-ifb-title\">Compra de Viviendas<\/h3><\/div><p class=\"uagb-ifb-desc\">Nuestro equipo le ayudar\u00e1 a encontrar la casa ideal, considerando \u00e1reas con alto potencial de crecimiento. Proporcionamos informaci\u00f3n clara sobre el costo total de propiedad y las opciones de financiamiento.<\/p><div class=\"uagb-ifb-button-wrapper wp-block-button\"><a href=\"contact\/\" class=\"uagb-infobox-cta-link wp-block-button__link\" target=\"_self\" rel=\"noopener noreferrer\" onclick=\"return true;\"><span class=\"uagb-inline-editing\">Saber M\u00e1s<\/span><\/a><\/div><\/div><\/div>\n<\/div>\n\n\n\n<div class=\"wp-block-uagb-container uagb-block-ea2f9108\">\n<div class=\"wp-block-uagb-image alignleft uagb-block-a54eb0d0 wp-block-uagb-image--layout-default wp-block-uagb-image--effect-static wp-block-uagb-image--align-left\"><figure class=\"wp-block-uagb-image__figure\"><img decoding=\"async\" srcset=\"https:\/\/journeyhomesrealty.com\/wp-content\/uploads\/2026\/03\/New-5-2.jpg ,https:\/\/journeyhomesrealty.com\/wp-content\/uploads\/2026\/03\/New-5-2.jpg 780w, https:\/\/journeyhomesrealty.com\/wp-content\/uploads\/2026\/03\/New-5-2.jpg 360w\" sizes=\"auto, (max-width: 480px) 150px\" src=\"https:\/\/journeyhomesrealty.com\/wp-content\/uploads\/2026\/03\/New-5-2.jpg\" alt=\"new 5\" class=\"uag-image-1434\" width=\"600\" height=\"420\" title=\"new 5\" loading=\"lazy\" role=\"img\"\/><\/figure><\/div>\n<\/div>\n<\/div>\n\n\n\n<div class=\"wp-block-uagb-container uagb-block-415bb029\">\n<div class=\"wp-block-uagb-container uagb-block-2d95e7f7\">\n<div class=\"wp-block-uagb-image alignleft uagb-block-d91d06bd wp-block-uagb-image--layout-default wp-block-uagb-image--effect-static wp-block-uagb-image--align-left\"><figure class=\"wp-block-uagb-image__figure\"><img decoding=\"async\" srcset=\"https:\/\/journeyhomesrealty.com\/wp-content\/uploads\/2026\/03\/New-6-1024x559.jpeg ,https:\/\/journeyhomesrealty.com\/wp-content\/uploads\/2026\/03\/New-6.jpeg 780w, https:\/\/journeyhomesrealty.com\/wp-content\/uploads\/2026\/03\/New-6.jpeg 360w\" sizes=\"auto, (max-width: 480px) 150px\" src=\"https:\/\/journeyhomesrealty.com\/wp-content\/uploads\/2026\/03\/New-6-1024x559.jpeg\" alt=\"new 6\" class=\"uag-image-1435\" width=\"600\" height=\"420\" title=\"new 6\" loading=\"lazy\" role=\"img\"\/><\/figure><\/div>\n<\/div>\n\n\n\n<div class=\"wp-block-uagb-container uagb-block-d3affa90\">\n<div class=\"wp-block-uagb-info-box uagb-block-d38f1ac5 uagb-infobox__content-wrap  uagb-infobox-icon-above-title uagb-infobox-image-valign-top\"><div class=\"uagb-ifb-content\"><div class=\"uagb-ifb-title-wrap\"><h3 class=\"uagb-ifb-title\">Venta de Propiedades<\/h3><\/div><p class=\"uagb-ifb-desc\">Nos enfocamos en preparar y promover su propiedad para atraer a los compradores adecuados. Utilizamos an\u00e1lisis de mercado para establecer un precio competitivo y maximizar la visibilidad de su propiedad.<\/p><div class=\"uagb-ifb-button-wrapper wp-block-button\"><a href=\"contact\/\" class=\"uagb-infobox-cta-link wp-block-button__link\" target=\"_self\" rel=\"noopener noreferrer\" onclick=\"return true;\"><span class=\"uagb-inline-editing\">Saber M\u00e1s<\/span><\/a><\/div><\/div><\/div>\n<\/div>\n<\/div>\n\n\n\n<div class=\"wp-block-uagb-container uagb-block-8f232885\">\n<div class=\"wp-block-uagb-container uagb-block-c06802bb\">\n<div class=\"wp-block-uagb-info-box uagb-block-74867362 uagb-infobox__content-wrap  uagb-infobox-icon-above-title uagb-infobox-image-valign-top\"><div class=\"uagb-ifb-content\"><div class=\"uagb-ifb-title-wrap\"><h3 class=\"uagb-ifb-title\">Construcci\u00f3n Nueva<\/h3><\/div><p class=\"uagb-ifb-desc\">Colaboramos con constructores de confianza para asegurar que su proyecto de construcci\u00f3n cumpla sus expectativas y se mantenga dentro del presupuesto. Proporcionamos una supervisi\u00f3n cuidadosa desde el contrato hasta el cierre.<\/p><div class=\"uagb-ifb-button-wrapper wp-block-button\"><a href=\"contact\/\" class=\"uagb-infobox-cta-link wp-block-button__link\" target=\"_self\" rel=\"noopener noreferrer\" onclick=\"return true;\"><span class=\"uagb-inline-editing\">Saber M\u00e1s<\/span><\/a><\/div><\/div><\/div>\n<\/div>\n\n\n\n<div class=\"wp-block-uagb-container uagb-block-46ad2123\">\n<div class=\"wp-block-uagb-image alignleft uagb-block-79a56dde wp-block-uagb-image--layout-default wp-block-uagb-image--effect-static wp-block-uagb-image--align-left\"><figure class=\"wp-block-uagb-image__figure\"><img decoding=\"async\" srcset=\"https:\/\/journeyhomesrealty.com\/wp-content\/uploads\/2025\/09\/pexels-photo-7599735.jpeg ,https:\/\/journeyhomesrealty.com\/wp-content\/uploads\/2025\/09\/pexels-photo-7599735.jpeg 780w, https:\/\/journeyhomesrealty.com\/wp-content\/uploads\/2025\/09\/pexels-photo-7599735.jpeg 360w\" sizes=\"auto, (max-width: 480px) 150px\" src=\"https:\/\/journeyhomesrealty.com\/wp-content\/uploads\/2025\/09\/pexels-photo-7599735.jpeg\" alt=\"Close-up of a hand holding keys with a miniature wooden house in the background, symbolizing real estate investment.\" class=\"uag-image-494\" width=\"600\" height=\"420\" title=\"Servicios\" loading=\"lazy\" role=\"img\"><\/figure><\/div>\n<\/div>\n<\/div>\n<\/div>\n<\/div><\/div>\n\n\n\n<div class=\"wp-block-uagb-container uagb-block-65ad5edb alignfull uagb-is-root-container\"><div class=\"uagb-container-inner-blocks-wrap\">\n<div class=\"wp-block-uagb-container uagb-block-b1e83b7a alignfull uagb-is-root-container\"><div class=\"uagb-container-inner-blocks-wrap\">\n<div class=\"wp-block-uagb-counter uagb-block-87014a3a wp-block-uagb-counter--number\"><div class=\"wp-block-uagb-counter__number\"><span class=\"uagb-counter-block-number\" data-duration=\"1.5\" data-to-value=\"93\" data-from-value=\"0\" data-delimiter=\",\"><\/span><span class=\"uagb-counter-block-suffix\">%<\/span><\/div><div class=\"wp-block-uagb-counter__title\"><\/div><\/div>\n\n\n\n<div class=\"wp-block-uagb-advanced-heading uagb-block-2d8f73e1\"><h2 class=\"uagb-heading-text\">\u00a1Cont\u00e1ctenos hoy para comenzar su viaje!<\/h2><\/div>\n\n\n\n<div class=\"wp-block-uagb-buttons uagb-buttons__outer-wrap uagb-btn__default-btn uagb-btn-tablet__default-btn uagb-btn-mobile__default-btn uagb-block-0c39ccc0\"><div class=\"uagb-buttons__wrap uagb-buttons-layout-wrap\">\n<div class=\"wp-block-uagb-buttons-child uagb-buttons__outer-wrap uagb-block-55ba2e4c wp-block-button\"><div class=\"uagb-button__wrapper\"><a class=\"uagb-buttons-repeater wp-block-button__link\" aria-label=\"\" href=\"\/contact\/\" rel=\"follow noopener\" target=\"_self\" role=\"button\"><div class=\"uagb-button__link\">Cont\u00e1ctanos Ya<\/div><\/a><\/div><\/div>\n<\/div><\/div>\n<\/div><\/div>\n<\/div><\/div>","protected":false},"excerpt":{"rendered":"<p>\u00a1Cont\u00e1ctenos hoy para comenzar su viaje!<\/p>","protected":false},"author":1,"featured_media":0,"parent":0,"menu_order":0,"comment_status":"closed","ping_status":"closed","template":"","meta":{"_coblocks_attr":"","_coblocks_dimensions":"","_coblocks_responsive_height":"","_coblocks_accordion_ie_support":"","_surecart_dashboard_logo_width":"180px","_surecart_dashboard_show_logo":true,"_surecart_dashboard_navigation_orders":true,"_surecart_dashboard_navigation_invoices":true,"_surecart_dashboard_navigation_subscriptions":true,"_surecart_dashboard_navigation_downloads":true,"_surecart_dashboard_navigation_billing":true,"_surecart_dashboard_navigation_account":true,"_uag_custom_page_level_css":"","site-sidebar-layout":"default","site-content-layout":"","ast-site-content-layout":"default","site-content-style":"default","site-sidebar-style":"default","ast-global-header-display":"","ast-banner-title-visibility":"","ast-main-header-display":"","ast-hfb-above-header-display":"","ast-hfb-below-header-display":"","ast-hfb-mobile-header-display":"","site-post-title":"disabled","ast-breadcrumbs-content":"","ast-featured-img":"","footer-sml-layout":"","ast-disable-related-posts":"","theme-transparent-header-meta":"","adv-header-id-meta":"","stick-header-meta":"","header-above-stick-meta":"","header-main-stick-meta":"","header-below-stick-meta":"","astra-migrate-meta-layouts":"default","ast-page-background-enabled":"default","ast-page-background-meta":{"desktop":{"background-color":"var(--ast-global-color-4)","background-image":"","background-repeat":"repeat","background-position":"center center","background-size":"auto","background-attachment":"scroll","background-type":"","background-media":"","overlay-type":"","overlay-color":"","overlay-opacity":"","overlay-gradient":""},"tablet":{"background-color":"","background-image":"","background-repeat":"repeat","background-position":"center center","background-size":"auto","background-attachment":"scroll","background-type":"","background-media":"","overlay-type":"","overlay-color":"","overlay-opacity":"","overlay-gradient":""},"mobile":{"background-color":"","background-image":"","background-repeat":"repeat","background-position":"center center","background-size":"auto","background-attachment":"scroll","background-type":"","background-media":"","overlay-type":"","overlay-color":"","overlay-opacity":"","overlay-gradient":""}},"ast-content-background-meta":{"desktop":{"background-color":"var(--ast-global-color-5)","background-image":"","background-repeat":"repeat","background-position":"center center","background-size":"auto","background-attachment":"scroll","background-type":"","background-media":"","overlay-type":"","overlay-color":"","overlay-opacity":"","overlay-gradient":""},"tablet":{"background-color":"var(--ast-global-color-5)","background-image":"","background-repeat":"repeat","background-position":"center center","background-size":"auto","background-attachment":"scroll","background-type":"","background-media":"","overlay-type":"","overlay-color":"","overlay-opacity":"","overlay-gradient":""},"mobile":{"background-color":"var(--ast-global-color-5)","background-image":"","background-repeat":"repeat","background-position":"center center","background-size":"auto","background-attachment":"scroll","background-type":"","background-media":"","overlay-type":"","overlay-color":"","overlay-opacity":"","overlay-gradient":""}},"_themeisle_gutenberg_block_has_review":false,"footnotes":""},"class_list":["post-14","page","type-page","status-publish","hentry"],"uagb_featured_image_src":{"full":false,"thumbnail":false,"medium":false,"medium_large":false,"large":false,"1536x1536":false,"2048x2048":false,"trp-custom-language-flag":false},"uagb_author_info":{"display_name":"journeyhomesrealty","author_link":"https:\/\/journeyhomesrealty.com\/es\/author\/journeyhomesrealty\/"},"uagb_comment_info":0,"uagb_excerpt":"Contact us today to start your journey!","_links":{"self":[{"href":"https:\/\/journeyhomesrealty.com\/es\/wp-json\/wp\/v2\/pages\/14","targetHints":{"allow":["GET"]}}],"collection":[{"href":"https:\/\/journeyhomesrealty.com\/es\/wp-json\/wp\/v2\/pages"}],"about":[{"href":"https:\/\/journeyhomesrealty.com\/es\/wp-json\/wp\/v2\/types\/page"}],"author":[{"embeddable":true,"href":"https:\/\/journeyhomesrealty.com\/es\/wp-json\/wp\/v2\/users\/1"}],"replies":[{"embeddable":true,"href":"https:\/\/journeyhomesrealty.com\/es\/wp-json\/wp\/v2\/comments?post=14"}],"version-history":[{"count":5,"href":"https:\/\/journeyhomesrealty.com\/es\/wp-json\/wp\/v2\/pages\/14\/revisions"}],"predecessor-version":[{"id":1498,"href":"https:\/\/journeyhomesrealty.com\/es\/wp-json\/wp\/v2\/pages\/14\/revisions\/1498"}],"wp:attachment":[{"href":"https:\/\/journeyhomesrealty.com\/es\/wp-json\/wp\/v2\/media?parent=14"}],"curies":[{"name":"wp","href":"https:\/\/api.w.org\/{rel}","templated":true}]}}