{"id":12,"date":"2025-09-30T17:09:30","date_gmt":"2025-09-30T17:09:30","guid":{"rendered":"https:\/\/journeyhomesrealty.com\/about-2\/"},"modified":"2026-04-21T23:17:06","modified_gmt":"2026-04-21T23:17:06","slug":"about-2","status":"publish","type":"page","link":"https:\/\/journeyhomesrealty.com\/es\/about-2\/","title":{"rendered":"Sobre Nosotros"},"content":{"rendered":"<div class=\"wp-block-uagb-container uagb-block-259e360b alignfull uagb-is-root-container\"><div class=\"uagb-container-inner-blocks-wrap\">\n<div class=\"wp-block-uagb-info-box uagb-block-1f8d3237 uagb-infobox__content-wrap  uagb-infobox-icon-above-title uagb-infobox-image-valign-top\"><div class=\"uagb-ifb-content\"><div class=\"uagb-ifb-title-wrap\"><span class=\"uagb-ifb-title-prefix\">Tu Hogar, Nuestra Misi\u00f3n<\/span><h1 class=\"uagb-ifb-title\">Conectando Familias con Propiedades<\/h1><\/div><\/div><\/div>\n\n\n\n<div class=\"wp-block-uagb-image alignleft uagb-block-440ed655 wp-block-uagb-image--layout-default wp-block-uagb-image--effect-static wp-block-uagb-image--align-left\"><figure class=\"wp-block-uagb-image__figure\"><img decoding=\"async\" srcset=\"https:\/\/journeyhomesrealty.com\/wp-content\/uploads\/2016\/11\/orlando-600x400-1.avif ,https:\/\/journeyhomesrealty.com\/wp-content\/uploads\/2016\/11\/orlando-600x400-1.avif 780w, https:\/\/journeyhomesrealty.com\/wp-content\/uploads\/2016\/11\/orlando-600x400-1.avif 360w\" sizes=\"auto, (max-width: 480px) 150px\" src=\"https:\/\/journeyhomesrealty.com\/wp-content\/uploads\/2016\/11\/orlando-600x400-1.avif\" alt=\"orlando 600x400\" class=\"uag-image-1388\" width=\"1200\" height=\"550\" title=\"orlando 600x400\" loading=\"lazy\" role=\"img\"\/><\/figure><\/div>\n<\/div><\/div>\n\n\n\n<div class=\"wp-block-uagb-container uagb-block-8eea1311 alignfull uagb-is-root-container\"><div class=\"uagb-container-inner-blocks-wrap\">\n<div class=\"wp-block-uagb-info-box uagb-block-cb120112 uagb-infobox__content-wrap  uagb-infobox-icon-above-title uagb-infobox-image-valign-top\"><div class=\"uagb-ifb-content\"><div class=\"uagb-ifb-title-wrap\"><span class=\"uagb-ifb-title-prefix\">Sobre Nosotros<\/span><h2 class=\"uagb-ifb-title\">Descubre c\u00f3mo Journey Homes Realty transforma la experiencia inmobiliaria en Florida Central<\/h2><\/div><\/div><\/div>\n\n\n\n<div class=\"wp-block-uagb-container uagb-block-3b3a752f\">\n<div class=\"wp-block-uagb-info-box uagb-block-9fd98309 uagb-infobox__content-wrap  uagb-infobox-icon-above-title uagb-infobox-image-valign-top\"><div class=\"uagb-ifb-content\"><div class=\"uagb-ifb-title-wrap\"><span class=\"uagb-ifb-title-prefix\">En Journey Homes Realty, ayudamos a familias e inversores a tomar decisiones informadas sobre la compra, venta y construcci\u00f3n de casas en Florida Central.<\/span><p class=\"uagb-ifb-title\">Nuestra visi\u00f3n es ser la agencia inmobiliaria de confianza en Florida Central, conocida por nuestra transparencia y enfoque centrado en el cliente.<\/p><\/div><\/div><\/div>\n\n\n\n<div class=\"wp-block-uagb-info-box uagb-block-ef565816 uagb-infobox__content-wrap  uagb-infobox-icon-above-title uagb-infobox-image-valign-top\"><div class=\"uagb-ifb-content\"><div class=\"uagb-ifb-title-wrap\"><p class=\"uagb-ifb-title-prefix\">Journey Homes Realty se especializa en ayudar a familias e inversores a comprar, vender y construir propiedades en Florida Central, con un enfoque claro y basado en n\u00fameros desde el inicio hasta el cierre.<\/p><p class=\"uagb-ifb-title\">Ofrecemos servicio biling\u00fce y gesti\u00f3n meticulosa de proyectos, asegurando que cada transacci\u00f3n se mantenga dentro del presupuesto y a tiempo. Estamos orgullosos de nuestros logros y la confianza de nuestros clientes.<\/p><\/div><p class=\"uagb-ifb-desc\">Nuestra Misi\u00f3n es proporcionar un servicio excepcional y transparente, orientado a resultados para la comunidad de Florida Central.<\/p><\/div><\/div>\n<\/div>\n<\/div><\/div>\n\n\n\n<div class=\"wp-block-uagb-container uagb-block-3af83f28 alignfull uagb-is-root-container\"><div class=\"uagb-container-inner-blocks-wrap\">\n<div class=\"wp-block-uagb-info-box uagb-block-60ea34d2 uagb-infobox__content-wrap  uagb-infobox-icon-above-title uagb-infobox-image-valign-top\"><div class=\"uagb-ifb-content\"><div class=\"uagb-ifb-title-wrap\"><span class=\"uagb-ifb-title-prefix\">Logros e Innovaciones<\/span><h2 class=\"uagb-ifb-title\">Innovaciones y Logros de Journey Homes Realty en el Sector Inmobiliario<\/h2><\/div><\/div><\/div>\n\n\n\n<div class=\"wp-block-uagb-container uagb-block-11b05b9d\">\n<div class=\"wp-block-uagb-container uagb-block-ff5f3da2\">\n<div class=\"wp-block-uagb-advanced-heading uagb-block-039573fe\"><div class=\"uagb-separator\"><\/div><h3 class=\"uagb-heading-text\">Crecimiento Constante<\/h3><p class=\"uagb-desc-text\">Hemos duplicado nuestras ventas en el \u00faltimo a\u00f1o gracias a un fuerte enfoque en el servicio al cliente.<\/p><\/div>\n\n\n\n<div class=\"wp-block-uagb-advanced-heading uagb-block-4d1d1cc0\"><div class=\"uagb-separator\"><\/div><h3 class=\"uagb-heading-text\">Innovaci\u00f3n Digital<\/h3><p class=\"uagb-desc-text\">Implementamos herramientas digitales avanzadas que mejoran la experiencia de compra y venta para nuestros clientes.<\/p><\/div>\n<\/div>\n\n\n\n<div class=\"wp-block-uagb-container uagb-block-8b7beba1\">\n<div class=\"wp-block-uagb-advanced-heading uagb-block-780564e7\"><div class=\"uagb-separator\"><\/div><h3 class=\"uagb-heading-text\">Reconocimientos de la Industria<\/h3><p class=\"uagb-desc-text\">Hemos recibido m\u00faltiples premios por nuestro excelente servicio y transparencia en las transacciones inmobiliarias.<\/p><\/div>\n\n\n\n<div class=\"wp-block-uagb-advanced-heading uagb-block-fe7cc56a\"><div class=\"uagb-separator\"><\/div><h3 class=\"uagb-heading-text\">Asesor\u00eda Biling\u00fce<\/h3><p class=\"uagb-desc-text\">Ofrecemos servicio en ingl\u00e9s y espa\u00f1ol, asegurando que todos los clientes se sientan c\u00f3modos y comprendidos.<\/p><\/div>\n<\/div>\n<\/div>\n<\/div><\/div>\n\n\n\n<div class=\"wp-block-uagb-container uagb-block-ca981bea alignfull uagb-is-root-container\"><div class=\"uagb-container-inner-blocks-wrap\"><\/div><\/div>\n\n\n\n<div class=\"wp-block-uagb-container uagb-block-cffc8856 alignfull uagb-is-root-container\"><div class=\"uagb-container-inner-blocks-wrap\">\n<div class=\"wp-block-uagb-container uagb-block-c2a0e57a alignfull uagb-is-root-container\"><div class=\"uagb-container-inner-blocks-wrap\">\n<div class=\"wp-block-uagb-advanced-heading uagb-block-25abdf5c\"><h2 class=\"uagb-heading-text\">Valores que Impulsan Nuestro Servicio y Nuestra Misi\u00f3n<\/h2><div class=\"uagb-separator\"><\/div><\/div>\n\n\n\n<div class=\"wp-block-uagb-container uagb-block-0059a27c\">\n<div class=\"wp-block-uagb-advanced-heading uagb-block-7a85a627\"><div class=\"uagb-heading-text\">Nuestros Valores Fundamentales<\/div><\/div>\n\n\n\n<div class=\"wp-block-uagb-info-box uagb-block-25d028a9 uagb-infobox__content-wrap  uagb-infobox-icon-left uagb-infobox-left uagb-infobox-image-valign-top\"><div class=\"uagb-ifb-content\"><div class=\"uagb-ifb-title-wrap\"><p class=\"uagb-ifb-title-prefix\">Valoramos la transparencia en cada interacci\u00f3n y nos comprometemos a proporcionar a nuestros clientes toda la informaci\u00f3n necesaria para tomar decisiones informadas sobre sus inversiones inmobiliarias.<\/p><p class=\"uagb-ifb-title\">Nuestra \u00e9tica se centra en la honestidad y la responsabilidad, asegurando que cada transacci\u00f3n se maneje de manera justa y transparente.<\/p><\/div><p class=\"uagb-ifb-desc\">Creemos en construir relaciones a largo plazo con nuestros clientes, ofreciendo un servicio excepcional basado en la confianza, la comunicaci\u00f3n abierta y el respeto mutuo.<\/p><\/div><\/div>\n\n\n\n<div class=\"wp-block-uagb-advanced-heading uagb-block-fd411a86\"><h3 class=\"uagb-heading-text\">Comprometidos con la \u00c9tica y la Transparencia<\/h3><\/div>\n<\/div>\n<\/div><\/div>\n<\/div><\/div>\n\n\n\n<div class=\"wp-block-uagb-container uagb-block-65ad5edb alignfull uagb-is-root-container\"><div class=\"uagb-container-inner-blocks-wrap\">\n<div class=\"wp-block-uagb-container uagb-block-b1e83b7a alignfull uagb-is-root-container\"><div class=\"uagb-container-inner-blocks-wrap\">\n<div class=\"wp-block-uagb-counter uagb-block-87014a3a wp-block-uagb-counter--number\"><div class=\"wp-block-uagb-counter__number\"><span class=\"uagb-counter-block-number\" data-duration=\"1.5\" data-to-value=\"93\" data-from-value=\"0\" data-delimiter=\",\"><\/span><span class=\"uagb-counter-block-suffix\">%<\/span><\/div><div class=\"wp-block-uagb-counter__title\"><\/div><\/div>\n\n\n\n<div class=\"wp-block-uagb-advanced-heading uagb-block-2d8f73e1\"><h2 class=\"uagb-heading-text\">\u00a1Cont\u00e1ctanos Hoy para Comenzar tu Viaje!<\/h2><\/div>\n\n\n\n<div class=\"wp-block-uagb-buttons uagb-buttons__outer-wrap uagb-btn__default-btn uagb-btn-tablet__default-btn uagb-btn-mobile__default-btn uagb-block-0c39ccc0\"><div class=\"uagb-buttons__wrap uagb-buttons-layout-wrap\">\n<div class=\"wp-block-uagb-buttons-child uagb-buttons__outer-wrap uagb-block-55ba2e4c wp-block-button\"><div class=\"uagb-button__wrapper\"><a class=\"uagb-buttons-repeater wp-block-button__link\" aria-label=\"\" href=\"\/contact\/\" rel=\"follow noopener\" target=\"_self\" role=\"button\"><div class=\"uagb-button__link\">Cont\u00e1ctanos Ya<\/div><\/a><\/div><\/div>\n<\/div><\/div>\n<\/div><\/div>\n<\/div><\/div>","protected":false},"excerpt":{"rendered":"<p>Crecimiento constante We have doubled our sales in the last year thanks to a strong focus on customer service. Digital [&hellip;]<\/p>\n","protected":false},"author":1,"featured_media":0,"parent":0,"menu_order":0,"comment_status":"closed","ping_status":"closed","template":"","meta":{"_coblocks_attr":"","_coblocks_dimensions":"","_coblocks_responsive_height":"","_coblocks_accordion_ie_support":"","_surecart_dashboard_logo_width":"180px","_surecart_dashboard_show_logo":true,"_surecart_dashboard_navigation_orders":true,"_surecart_dashboard_navigation_invoices":true,"_surecart_dashboard_navigation_subscriptions":true,"_surecart_dashboard_navigation_downloads":true,"_surecart_dashboard_navigation_billing":true,"_surecart_dashboard_navigation_account":true,"_uag_custom_page_level_css":"","site-sidebar-layout":"no-sidebar","site-content-layout":"","ast-site-content-layout":"normal-width-container","site-content-style":"default","site-sidebar-style":"default","ast-global-header-display":"","ast-banner-title-visibility":"","ast-main-header-display":"","ast-hfb-above-header-display":"","ast-hfb-below-header-display":"","ast-hfb-mobile-header-display":"","site-post-title":"disabled","ast-breadcrumbs-content":"","ast-featured-img":"","footer-sml-layout":"","ast-disable-related-posts":"","theme-transparent-header-meta":"","adv-header-id-meta":"","stick-header-meta":"","header-above-stick-meta":"","header-main-stick-meta":"","header-below-stick-meta":"","astra-migrate-meta-layouts":"default","ast-page-background-enabled":"default","ast-page-background-meta":{"desktop":{"background-color":"var(--ast-global-color-4)","background-image":"","background-repeat":"repeat","background-position":"center center","background-size":"auto","background-attachment":"scroll","background-type":"","background-media":"","overlay-type":"","overlay-color":"","overlay-opacity":"","overlay-gradient":""},"tablet":{"background-color":"","background-image":"","background-repeat":"repeat","background-position":"center center","background-size":"auto","background-attachment":"scroll","background-type":"","background-media":"","overlay-type":"","overlay-color":"","overlay-opacity":"","overlay-gradient":""},"mobile":{"background-color":"","background-image":"","background-repeat":"repeat","background-position":"center center","background-size":"auto","background-attachment":"scroll","background-type":"","background-media":"","overlay-type":"","overlay-color":"","overlay-opacity":"","overlay-gradient":""}},"ast-content-background-meta":{"desktop":{"background-color":"var(--ast-global-color-5)","background-image":"","background-repeat":"repeat","background-position":"center center","background-size":"auto","background-attachment":"scroll","background-type":"","background-media":"","overlay-type":"","overlay-color":"","overlay-opacity":"","overlay-gradient":""},"tablet":{"background-color":"var(--ast-global-color-5)","background-image":"","background-repeat":"repeat","background-position":"center center","background-size":"auto","background-attachment":"scroll","background-type":"","background-media":"","overlay-type":"","overlay-color":"","overlay-opacity":"","overlay-gradient":""},"mobile":{"background-color":"var(--ast-global-color-5)","background-image":"","background-repeat":"repeat","background-position":"center center","background-size":"auto","background-attachment":"scroll","background-type":"","background-media":"","overlay-type":"","overlay-color":"","overlay-opacity":"","overlay-gradient":""}},"_themeisle_gutenberg_block_has_review":false,"footnotes":""},"class_list":["post-12","page","type-page","status-publish","hentry"],"uagb_featured_image_src":{"full":false,"thumbnail":false,"medium":false,"medium_large":false,"large":false,"1536x1536":false,"2048x2048":false,"trp-custom-language-flag":false},"uagb_author_info":{"display_name":"journeyhomesrealty","author_link":"https:\/\/journeyhomesrealty.com\/es\/author\/journeyhomesrealty\/"},"uagb_comment_info":0,"uagb_excerpt":"Crecimiento constante We have doubled our sales in the last year thanks to a strong focus on customer service. Digital [&hellip;]","_links":{"self":[{"href":"https:\/\/journeyhomesrealty.com\/es\/wp-json\/wp\/v2\/pages\/12","targetHints":{"allow":["GET"]}}],"collection":[{"href":"https:\/\/journeyhomesrealty.com\/es\/wp-json\/wp\/v2\/pages"}],"about":[{"href":"https:\/\/journeyhomesrealty.com\/es\/wp-json\/wp\/v2\/types\/page"}],"author":[{"embeddable":true,"href":"https:\/\/journeyhomesrealty.com\/es\/wp-json\/wp\/v2\/users\/1"}],"replies":[{"embeddable":true,"href":"https:\/\/journeyhomesrealty.com\/es\/wp-json\/wp\/v2\/comments?post=12"}],"version-history":[{"count":9,"href":"https:\/\/journeyhomesrealty.com\/es\/wp-json\/wp\/v2\/pages\/12\/revisions"}],"predecessor-version":[{"id":1502,"href":"https:\/\/journeyhomesrealty.com\/es\/wp-json\/wp\/v2\/pages\/12\/revisions\/1502"}],"wp:attachment":[{"href":"https:\/\/journeyhomesrealty.com\/es\/wp-json\/wp\/v2\/media?parent=12"}],"curies":[{"name":"wp","href":"https:\/\/api.w.org\/{rel}","templated":true}]}}